{"id":12,"date":"2024-11-28T08:52:10","date_gmt":"2024-11-28T08:52:10","guid":{"rendered":"https:\/\/mehedhakkameelama.ee\/epood\/?page_id=12"},"modified":"2024-12-16T14:32:03","modified_gmt":"2024-12-16T14:32:03","slug":"tagastamine","status":"publish","type":"page","link":"https:\/\/www.mehedhakkameelama.ee\/epood\/tagastamine\/","title":{"rendered":"Tagastamine"},"content":{"rendered":"[et_pb_section fb_built=&#8221;1&#8243; admin_label=&#8221;section&#8221; _builder_version=&#8221;4.16&#8243; global_colors_info=&#8221;{}&#8221;][et_pb_row admin_label=&#8221;row&#8221; _builder_version=&#8221;4.16&#8243; background_size=&#8221;initial&#8221; background_position=&#8221;top_left&#8221; background_repeat=&#8221;repeat&#8221; global_colors_info=&#8221;{}&#8221;][et_pb_column type=&#8221;4_4&#8243; _builder_version=&#8221;4.16&#8243; custom_padding=&#8221;|||&#8221; global_colors_info=&#8221;{}&#8221; custom_padding__hover=&#8221;|||&#8221;][et_pb_text content_tablet=&#8221;<p><\/p>\n<p><strong>Tagastamine<\/strong><\/p>\n<p>K\u00f5ikidele Mehedhakkameelama! e-poest ostetud toodetele kehtib tagastus\u00f5igus 14 p\u00e4eva. Tellijal on V\u00d5S \u00a7 56 lg 1 alusel \u00f5igus tagastada v\u00f5i v\u00e4lja vahetada kaup muu toote vastu p\u00f5hjust avaldamata 14 p\u00e4eva jooksul alates kauba \u00fcleandmisest. Tellija t\u00e4idab vabas vormis tagastusavalduse vormi, kus on kirjas ostja nimi, tellimuse number, ostukuup\u00e4ev, arvelduskonto number ning saadab selle e-posti aadressil mehedhakkameelama@gmail.com ning tagastab seej\u00e4rel Mehedhakkameelama! e-poele tellitud kauba. Vastavalt V\u00d5S \u00a7 56 lg 25 t\u00f5endab lepingust taganemist tarbija.<\/p>\n<p>Tagastatav kaup (s.h tarvikud) ei tohi olla kasutatud v\u00f5i kahjustatud ning peab olema terves originaalpakendis. Taganemis\u00f5iguse kasutamiseks ja tagastamise korral h\u00fcvitise maksmise v\u00e4ltimiseks tuleb tootepakend avada ettevaatlikult seda kahjustamata. Tagastatav toode peab olema komplektne (sisaldama k\u00f5iki tootepakendis sisaldunud esemeid \u2013 ). Kui toode on ostetud kampaania korras, kus kaubale on lisatud veel m\u00f5ni toode, tuleb Tellijal tagastada kogu komplekt (ehk siis k\u00f5ik tooted).<\/p>\n<p>Tellijal tuleb kanda lepingu esemena \u00fcleantud kauba tagastamisega seotud otsesed kulud, kui pooled ei ole kokku leppinud teisiti.<\/p>\n<p>Kui tagastatav toode (ja toote pakend) on halvenenud ja halvenemine on p\u00f5hjustatud asjaoludest, mis ei ole tingitud Mehedhakkameelama!; ning toote mittesihip\u00e4rase kasutamise tulemusena, on Mehedhakkameelama! \u00f5igus tasaarvestada toote v\u00e4\u00e4rtuse v\u00e4henemine Tellija poolt toote eest tasutud ning tagastamisele kuuluva summaga. Tasaarvestamiseks saadab Mehedhakkameelama! tasaarvestamise avalduse Tellija poolt tellimuse vormistamisel teatatud e-posti aadressile. Juhul, kui Tellija ei ole n\u00f5us tasaarvestamise teates n\u00e4idatud v\u00e4\u00e4rtuse v\u00e4henemisega, on selleks \u00f5igus kaasata toote v\u00e4\u00e4rtuse v\u00e4henemise kindlakstegemiseks s\u00f5ltumatu ekspert. Ekspertiisiga seotud kulud jagatakse pooleks Tellija ja Mehedhakkameelama! vahel, v.a juhul, kui \u00fche poole seisukoht osutub ilmselt p\u00f5hjendamatuks. Sellisel juhul kannab ekspertiisiga seotud kulud pool, kelle seisukoht osutus ilmselt p\u00f5hjendamatuks.<\/p>\n<p>14-p\u00e4evase taganemis\u00f5iguse juhul tagastatakse raha kauba eest viivitamata, kuid mitte hiljem kui 14 p\u00e4eva m\u00f6\u00f6dumisel arvates taganemisavalduse saamisest, samale arvelduskontole mida m\u00e4rgitakse tagastamisvormis.<\/p>\n<p>Kui tagastatud toode on praak, saadetakse toode ekspertiisi, kus tootele teostatakse garantiiremont, vahetatakse toode uue toote vastu v\u00f5i tagastatakse toote maksumus.<\/p>\n<p>Taganemis\u00f5igus ei kohaldu, kui ostjaks on juriidiline isik.<\/p>\n<p> <\/p>\n<p> <\/p>\n<p><\/p>&#8221; content_phone=&#8221;<p><\/p>\n<p><strong>Tagastamine<\/strong><\/p>\n<p>K\u00f5ikidele Mehedhakkameelama! e-poest ostetud toodetele kehtib tagastus\u00f5igus 14 p\u00e4eva. Tellijal on V\u00d5S \u00a7 56 lg 1 alusel \u00f5igus tagastada v\u00f5i v\u00e4lja vahetada kaup muu toote vastu p\u00f5hjust avaldamata 14 p\u00e4eva jooksul alates kauba \u00fcleandmisest. Tellija t\u00e4idab vabas vormis tagastusavalduse vormi, kus on kirjas ostja nimi, tellimuse number, ostukuup\u00e4ev, arvelduskonto number ning saadab selle e-posti aadressil mehedhakkameelama@gmail.com ning tagastab seej\u00e4rel Mehedhakkameelama! e-poele tellitud kauba. Vastavalt V\u00d5S \u00a7 56 lg 25 t\u00f5endab lepingust taganemist tarbija.<\/p>\n<p>Tagastatav kaup (s.h tarvikud) ei tohi olla kasutatud v\u00f5i kahjustatud ning peab olema terves originaalpakendis. Taganemis\u00f5iguse kasutamiseks ja tagastamise korral h\u00fcvitise maksmise v\u00e4ltimiseks tuleb tootepakend avada ettevaatlikult seda kahjustamata. Tagastatav toode peab olema komplektne (sisaldama k\u00f5iki tootepakendis sisaldunud esemeid \u2013 ). Kui toode on ostetud kampaania korras, kus kaubale on lisatud veel m\u00f5ni toode, tuleb Tellijal tagastada kogu komplekt (ehk siis k\u00f5ik tooted).<\/p>\n<p>Tellijal tuleb kanda lepingu esemena \u00fcleantud kauba tagastamisega seotud otsesed kulud, kui pooled ei ole kokku leppinud teisiti.<\/p>\n<p>Kui tagastatav toode (ja toote pakend) on halvenenud ja halvenemine on p\u00f5hjustatud asjaoludest, mis ei ole tingitud Mehedhakkameelama!; ning toote mittesihip\u00e4rase kasutamise tulemusena, on Mehedhakkameelama! \u00f5igus tasaarvestada toote v\u00e4\u00e4rtuse v\u00e4henemine Tellija poolt toote eest tasutud ning tagastamisele kuuluva summaga. Tasaarvestamiseks saadab Mehedhakkameelama! tasaarvestamise avalduse Tellija poolt tellimuse vormistamisel teatatud e-posti aadressile. Juhul, kui Tellija ei ole n\u00f5us tasaarvestamise teates n\u00e4idatud v\u00e4\u00e4rtuse v\u00e4henemisega, on selleks \u00f5igus kaasata toote v\u00e4\u00e4rtuse v\u00e4henemise kindlakstegemiseks s\u00f5ltumatu ekspert. Ekspertiisiga seotud kulud jagatakse pooleks Tellija ja Mehedhakkameelama! vahel, v.a juhul, kui \u00fche poole seisukoht osutub ilmselt p\u00f5hjendamatuks. Sellisel juhul kannab ekspertiisiga seotud kulud pool, kelle seisukoht osutus ilmselt p\u00f5hjendamatuks.<\/p>\n<p>14-p\u00e4evase taganemis\u00f5iguse juhul tagastatakse raha kauba eest viivitamata, kuid mitte hiljem kui 14 p\u00e4eva m\u00f6\u00f6dumisel arvates taganemisavalduse saamisest, samale arvelduskontole mida m\u00e4rgitakse tagastamisvormis.<\/p>\n<p>Kui tagastatud toode on praak, saadetakse toode ekspertiisi, kus tootele teostatakse garantiiremont, vahetatakse toode uue toote vastu v\u00f5i tagastatakse toote maksumus.<\/p>\n<p>Taganemis\u00f5igus ei kohaldu, kui ostjaks on juriidiline isik.<\/p>\n<p> <\/p>\n<p> <\/p>\n<p><\/p>&#8221; content_last_edited=&#8221;on|phone&#8221; admin_label=&#8221;Text&#8221; _builder_version=&#8221;4.27.4&#8243; background_size=&#8221;initial&#8221; background_position=&#8221;top_left&#8221; background_repeat=&#8221;repeat&#8221; global_colors_info=&#8221;{}&#8221;]<p><\/p>\n<p><strong>Tagastamine<\/strong><\/p>\n<p>&nbsp;<\/p>\n<p>K\u00f5ikidele Mehedhakkameelama! e-poest ostetud toodetele kehtib tagastus\u00f5igus 14 p\u00e4eva. Tellijal on V\u00d5S \u00a7 56 lg 1 alusel \u00f5igus tagastada v\u00f5i v\u00e4lja vahetada kaup muu toote vastu p\u00f5hjust avaldamata 14 p\u00e4eva jooksul alates kauba \u00fcleandmisest. Tellija t\u00e4idab vabas vormis tagastusavalduse vormi, kus on kirjas ostja nimi, tellimuse number, ostukuup\u00e4ev, arvelduskonto number ning saadab selle e-posti aadressil mehedhakkameelama@gmail.com ning tagastab seej\u00e4rel Mehedhakkameelama! e-poele tellitud kauba. Vastavalt V\u00d5S \u00a7 56 lg 25 t\u00f5endab lepingust taganemist tarbija.<\/p>\n<p>Tagastatav kaup (s.h tarvikud) ei tohi olla kasutatud v\u00f5i kahjustatud ning peab olema terves originaalpakendis. Taganemis\u00f5iguse kasutamiseks ja tagastamise korral h\u00fcvitise maksmise v\u00e4ltimiseks tuleb tootepakend avada ettevaatlikult seda kahjustamata. Tagastatav toode peab olema komplektne (sisaldama k\u00f5iki tootepakendis sisaldunud esemeid \u2013 ). Kui toode on ostetud kampaania korras, kus kaubale on lisatud veel m\u00f5ni toode, tuleb Tellijal tagastada kogu komplekt (ehk siis k\u00f5ik tooted).<\/p>\n<p>Tellijal tuleb kanda lepingu esemena \u00fcleantud kauba tagastamisega seotud otsesed kulud, kui pooled ei ole kokku leppinud teisiti.<\/p>\n<p>Kui tagastatav toode (ja toote pakend) on halvenenud ja halvenemine on p\u00f5hjustatud asjaoludest, mis ei ole tingitud Mehedhakkameelama!; ning toote mittesihip\u00e4rase kasutamise tulemusena, on Mehedhakkameelama! \u00f5igus tasaarvestada toote v\u00e4\u00e4rtuse v\u00e4henemine Tellija poolt toote eest tasutud ning tagastamisele kuuluva summaga. Tasaarvestamiseks saadab Mehedhakkameelama! tasaarvestamise avalduse Tellija poolt tellimuse vormistamisel teatatud e-posti aadressile. Juhul, kui Tellija ei ole n\u00f5us tasaarvestamise teates n\u00e4idatud v\u00e4\u00e4rtuse v\u00e4henemisega, on selleks \u00f5igus kaasata toote v\u00e4\u00e4rtuse v\u00e4henemise kindlakstegemiseks s\u00f5ltumatu ekspert. Ekspertiisiga seotud kulud jagatakse pooleks Tellija ja Mehedhakkameelama! vahel, v.a juhul, kui \u00fche poole seisukoht osutub ilmselt p\u00f5hjendamatuks. Sellisel juhul kannab ekspertiisiga seotud kulud pool, kelle seisukoht osutus ilmselt p\u00f5hjendamatuks.<\/p>\n<p>14-p\u00e4evase taganemis\u00f5iguse juhul tagastatakse raha kauba eest viivitamata, kuid mitte hiljem kui 14 p\u00e4eva m\u00f6\u00f6dumisel arvates taganemisavalduse saamisest, samale arvelduskontole mida m\u00e4rgitakse tagastamisvormis.\u00a0<\/p>\n<p>Kui tagastatud toode on praak, saadetakse toode ekspertiisi, kus tootele teostatakse garantiiremont, vahetatakse toode uue toote vastu v\u00f5i tagastatakse toote maksumus.\u00a0<\/p>\n<p>&nbsp;<\/p>\n<p>Taganemis\u00f5igus ei kohaldu, kui ostjaks on juriidiline isik.<\/p>\n<p>&nbsp;<\/p>\n<p><\/p>[\/et_pb_text][et_pb_button button_url=&#8221;https:\/\/www.mehedhakkameelama.ee\/epood\/privaatsuse-poliitika\/&#8221; button_text=&#8221;Privaatsuspoliitika&#8221; _builder_version=&#8221;4.27.4&#8243; _module_preset=&#8221;default&#8221; hover_enabled=&#8221;0&#8243; global_colors_info=&#8221;{}&#8221; sticky_enabled=&#8221;0&#8243; custom_button=&#8221;on&#8221; button_bg_color=&#8221;#f5d3d0&#8243; button_bg_enable_color=&#8221;on&#8221; button_text_color=&#8221;#000000&#8243;][\/et_pb_button][et_pb_button button_url=&#8221;https:\/\/www.mehedhakkameelama.ee\/epood\/taganemisvorm\/&#8221; button_text=&#8221;Tagastusvorm&#8221; _builder_version=&#8221;4.27.4&#8243; _module_preset=&#8221;default&#8221; hover_enabled=&#8221;0&#8243; global_colors_info=&#8221;{}&#8221; custom_button=&#8221;on&#8221; button_bg_color=&#8221;#f5d3d0&#8243; button_bg_enable_color=&#8221;on&#8221; button_text_color=&#8221;#000000&#8243; sticky_enabled=&#8221;0&#8243;][\/et_pb_button][\/et_pb_column][\/et_pb_row][\/et_pb_section]","protected":false},"excerpt":{"rendered":"<p>Tagastamine &nbsp; K\u00f5ikidele Mehedhakkameelama! e-poest ostetud toodetele kehtib tagastus\u00f5igus 14 p\u00e4eva. Tellijal on V\u00d5S \u00a7 56 lg 1 alusel \u00f5igus tagastada v\u00f5i v\u00e4lja vahetada kaup muu toote vastu p\u00f5hjust avaldamata 14 p\u00e4eva jooksul alates kauba \u00fcleandmisest. Tellija t\u00e4idab vabas vormis tagastusavalduse vormi, kus on kirjas ostja nimi, tellimuse number, ostukuup\u00e4ev, arvelduskonto number ning saadab selle [&hellip;]<\/p>\n","protected":false},"author":1,"featured_media":0,"parent":0,"menu_order":0,"comment_status":"closed","ping_status":"closed","template":"","meta":{"_et_pb_use_builder":"on","_et_pb_old_content":"K\u00f5ikidele Mehedhakkameelama! e-poest ostetud toodetele kehtib tagastus\u00f5igus 14 p\u00e4eva. Tellijal on V\u00d5S \u00a7 56 lg 1 alusel \u00f5igus tagastada v\u00f5i v\u00e4lja vahetada kaup muu toote vastu p\u00f5hjust avaldamata 14 p\u00e4eva jooksul alates kauba \u00fcleandmisest. Selleks peab Tellija tegema Mehedhakkameelama! e-poele tagastusavalduse (T\u00e4ida avaldus (link)). Juhul kui Tellija ei kasuta ostuks taganemiseks tagastusavalduse vormi, siis piisab ka vabas vormis tagastusavaldusest, kus on kirjas ostja nimi, tellimuse number, ostukuup\u00e4ev, arvelduskonto number ning saata see e-posti aadressil info@mehedhakkameelama.ee ning tagastama seej\u00e4rel Mehedhakkameelama! e-poele tellitud kauba. Vastavalt V\u00d5S \u00a7 56 lg 25 t\u00f5endab lepingust taganemist tarbija.\r\n\r\nTagastatav kaup (s.h tarvikud) ei tohi olla kasutatud v\u00f5i kahjustatud ning peab olema terves originaalpakendis. Taganemis\u00f5iguse kasutamiseks ja tagastamise korral h\u00fcvitise maksmise v\u00e4ltimiseks tuleb tootepakend avada ettevaatlikult seda kahjustamata. Tagastatav toode peab olema komplektne (sisaldama k\u00f5iki tootepakendis sisaldunud esemeid \u2013 kaablid jne). Kui toode on ostetud kampaania korras, kus kaubale on lisatud veel m\u00f5ni toode, tuleb Tellijal tagastada kogu komplekt (ehk siis k\u00f5ik tooted).\r\n\r\nTellijal tuleb kanda lepingu esemena \u00fcleantud kauba tagastamisega seotud otsesed kulud, kui pooled ei ole kokku leppinud teisiti.\r\n\r\nKui tagastatav toode (ja toote pakend) on halvenenud ja halvenemine on p\u00f5hjustatud asjaoludest, mis ei ole tingitud Mehedhakkameelama!; ning toote mittesihip\u00e4rase kasutamise tulemusena, on Mehedhakkameelama! \u00f5igus tasaarvestada toote v\u00e4\u00e4rtuse v\u00e4henemine Tellija poolt toote eest tasutud ning tagastamisele kuuluva summaga. Tasaarvestamiseks saadab Mehedhakkameelama! tasaarvestamise avalduse Tellija poolt tellimuse vormistamisel teatatud e-posti aadressile. Juhul, kui Tellija ei ole n\u00f5us tasaarvestamise teates n\u00e4idatud v\u00e4\u00e4rtuse v\u00e4henemisega, on selleks \u00f5igus kaasata toote v\u00e4\u00e4rtuse v\u00e4henemise kindlakstegemiseks s\u00f5ltumatu ekspert. Ekspertiisiga seotud kulud jagatakse pooleks Tellija ja Mehedhakkameelama! vahel, v.a juhul, kui \u00fche poole seisukoht osutub ilmselt p\u00f5hjendamatuks. Sellisel juhul kannab ekspertiisiga seotud kulud pool, kelle seisukoht osutus ilmselt p\u00f5hjendamatuks.\r\n\r\n14-p\u00e4evase taganemis\u00f5iguse juhul tagastatakse raha kauba eest viivitamata, kuid mitte hiljem kui 14 p\u00e4eva m\u00f6\u00f6dumisel arvates taganemisavalduse saamisest, samale arvelduskontole mida m\u00e4rgitakse tagastamisvormis.\r\n\r\nKui tagastatud toode on praak v\u00f5i tehnilise rikkega, saadetakse toode ekspertiisi, kus tootele teostatakse garantiiremont, vahetatakse toode uue toote vastu v\u00f5i tagastatakse toote maksumus.\r\n\r\n\u00a0","_et_gb_content_width":"","footnotes":""},"class_list":["post-12","page","type-page","status-publish","hentry"],"_links":{"self":[{"href":"https:\/\/www.mehedhakkameelama.ee\/epood\/wp-json\/wp\/v2\/pages\/12","targetHints":{"allow":["GET"]}}],"collection":[{"href":"https:\/\/www.mehedhakkameelama.ee\/epood\/wp-json\/wp\/v2\/pages"}],"about":[{"href":"https:\/\/www.mehedhakkameelama.ee\/epood\/wp-json\/wp\/v2\/types\/page"}],"author":[{"embeddable":true,"href":"https:\/\/www.mehedhakkameelama.ee\/epood\/wp-json\/wp\/v2\/users\/1"}],"replies":[{"embeddable":true,"href":"https:\/\/www.mehedhakkameelama.ee\/epood\/wp-json\/wp\/v2\/comments?post=12"}],"version-history":[{"count":5,"href":"https:\/\/www.mehedhakkameelama.ee\/epood\/wp-json\/wp\/v2\/pages\/12\/revisions"}],"predecessor-version":[{"id":987497359,"href":"https:\/\/www.mehedhakkameelama.ee\/epood\/wp-json\/wp\/v2\/pages\/12\/revisions\/987497359"}],"wp:attachment":[{"href":"https:\/\/www.mehedhakkameelama.ee\/epood\/wp-json\/wp\/v2\/media?parent=12"}],"curies":[{"name":"wp","href":"https:\/\/api.w.org\/{rel}","templated":true}]}}