{"id":987497103,"date":"2024-12-02T06:00:15","date_gmt":"2024-12-02T06:00:15","guid":{"rendered":"https:\/\/mehedhakkameelama.ee\/epood\/?page_id=987497103"},"modified":"2024-12-16T13:30:32","modified_gmt":"2024-12-16T13:30:32","slug":"privaatsuspoliitika","status":"publish","type":"page","link":"https:\/\/www.mehedhakkameelama.ee\/epood\/privaatsuspoliitika\/","title":{"rendered":"Privaatsuspoliitika"},"content":{"rendered":"[et_pb_section fb_built=&#8221;1&#8243; admin_label=&#8221;section&#8221; _builder_version=&#8221;4.16&#8243; global_colors_info=&#8221;{}&#8221;][et_pb_row admin_label=&#8221;row&#8221; _builder_version=&#8221;4.16&#8243; background_size=&#8221;initial&#8221; background_position=&#8221;top_left&#8221; background_repeat=&#8221;repeat&#8221; global_colors_info=&#8221;{}&#8221;][et_pb_column type=&#8221;4_4&#8243; _builder_version=&#8221;4.16&#8243; custom_padding=&#8221;|||&#8221; global_colors_info=&#8221;{}&#8221; custom_padding__hover=&#8221;|||&#8221;][et_pb_text admin_label=&#8221;Text&#8221; _builder_version=&#8221;4.27.4&#8243; background_size=&#8221;initial&#8221; background_position=&#8221;top_left&#8221; background_repeat=&#8221;repeat&#8221; hover_enabled=&#8221;0&#8243; global_colors_info=&#8221;{}&#8221; sticky_enabled=&#8221;0&#8243;]<p><\/p>\n<p><\/p>\n<p><strong>PRIVAATSUSPOLIITIKA TINGIMUSED<\/strong><\/p>\n<p><span style=\"font-weight: 400;\">Privaatsuspoliitika eesm\u00e4rk<\/span><span style=\"font-weight: 400;\"><br \/><\/span><span style=\"font-weight: 400;\">1.1. K\u00e4esoleva privaatsuspoliitika tingimuste eesm\u00e4rk on kaitsta klientide privaatsust koosk\u00f5las Eesti Vabariigi seaduste ning Euroopa Liidu \u00f5igusaktidega.<\/span><span style=\"font-weight: 400;\"><br \/><\/span><span style=\"font-weight: 400;\">1.2. Privaatsuspoliitika tingimused kehtivad Mehedhakkameelama! kuuluva konkreetse e-poe ja kliendi vahelise suhte kohta. Samuti Mehedhakkameelama! kodulehe (<\/span><a href=\"http:\/\/www.mehedhakkameelama.ee\"><span style=\"font-weight: 400;\">www.mehedhakkameelama.ee<\/span><\/a><span style=\"font-weight: 400;\">) kohta.\u00a0<\/span><\/p>\n<p><span style=\"font-weight: 400;\">1.3. Mehedhakkameelama! kinnitab, et l\u00e4htub kliendi isikuandmete t\u00f6\u00f6tlemisel seaduslikkuse, \u00f5igluse ja l\u00e4bipaistvuse; eesm\u00e4rgi piirangu ja minimaalsuse; usaldusv\u00e4\u00e4rsuse ja konfidentsiaalsuse; \u00f5igsuse ja s\u00e4ilitamispiirangu p\u00f5him\u00f5tetest.<\/span><span style=\"font-weight: 400;\"><br \/><\/span><span style=\"font-weight: 400;\">1.4. Mehedhakkameelama! kinnitab, et teeb endast oleneva, et isikuandmete turvalisus ja konfidentsiaalsus oleks tagatud ning v\u00f5tab tarvitusele k\u00f5ik meetmed nende andmete n\u00f5uetekohaseks s\u00e4ilitamiseks.<\/span><span style=\"font-weight: 400;\"><br \/><\/span><span style=\"font-weight: 400;\">1.5. Veebilehe kasutamisega (sh n\u00e4iteks uudiskirjaga liitumisel) kinnitab klient oma n\u00f5ustumist k\u00e4esoleva privaatsuspoliitika tingimustega.<\/span><\/p>\n<p><span style=\"font-weight: 400;\">Isikuandmete t\u00f6\u00f6tleja<\/span><span style=\"font-weight: 400;\"><br \/><\/span><span style=\"font-weight: 400;\">2.2. Mehedhakkameelama! poolt hallataval veebilehel\u00a0 on isikuandmete t\u00f6\u00f6tlejaks Whatever Works O\u00dc\u00a0 (Kadaka tee 90-20,\u00a0 12620 Tallinn-post: mehedhakkameelama@gmail.com, tel: 53429397).<\/span><span style=\"font-weight: 400;\"><br \/><\/span><span style=\"font-weight: 400;\">2.3. K\u00e4esolevates tingimustes nimetatakse Mehedhakkameelama! e-poodi ja veebilehe haldajat Whatever Works O\u00dc\u00a0 \u00fchiselt\u00a0 \u201eMehedhakkameelama!\u201c<\/span><\/p>\n<p><span style=\"font-weight: 400;\">Isikuandmete \u00f5iguslik alus ja t\u00f6\u00f6tlemise eesm\u00e4rk<\/span><span style=\"font-weight: 400;\"><br \/><\/span><span style=\"font-weight: 400;\">3.1. Isikuandmed on andmed, mida Mehedhakkameelama! kogub eesm\u00e4rgiga kliendiga s\u00f5lmitava\/s\u00f5lmitud lepingu t\u00e4itmiseks\/t\u00e4itmisel v\u00f5i temaga \u00fchenduse v\u00f5tmiseks ja kliendi n\u00f5usolekul uudiskirjade edastamiseks kliendile.<\/span><span style=\"font-weight: 400;\"><br \/><\/span><span style=\"font-weight: 400;\">3.2. Kliendi isikuandmete kogumine v\u00f5ib toimuda allj\u00e4rgnevatel viisidel:<\/span><span style=\"font-weight: 400;\"><br \/><\/span><span style=\"font-weight: 400;\">3.2.1. Ostu v\u00f5i tellimuse sooritamisel\u00a0 e-poes.<\/span><span style=\"font-weight: 400;\"><br \/><\/span><span style=\"font-weight: 400;\">3.3. Mehedhakkameelama! t\u00f6\u00f6tleb isikuandmeid j\u00e4rgmistel eesm\u00e4rkidel:<\/span><span style=\"font-weight: 400;\"><br \/><\/span><span style=\"font-weight: 400;\">3.3.1. M\u00fc\u00fcgitehingu v\u00f5i teenuse osutamise s\u00f5lmimisel (sh tellimused);<\/span><span style=\"font-weight: 400;\"><br \/><\/span><span style=\"font-weight: 400;\">3.3.2. Kliendiga kontakteerumine;<\/span><span style=\"font-weight: 400;\"><br \/><\/span><span style=\"font-weight: 400;\">3.3.3. Kliendisuhte haldamine;<\/span><span style=\"font-weight: 400;\"><br \/><\/span><span style=\"font-weight: 400;\">3.3.4. Kauba k\u00e4tte toimetamine;<\/span><span style=\"font-weight: 400;\"><br \/><\/span><span style=\"font-weight: 400;\">3.3.5. Teeninduse parendamine;<\/span><span style=\"font-weight: 400;\"><br \/><\/span><span style=\"font-weight: 400;\">3.3.6. Selges\u00f5nalise n\u00f5usoleku olemasolul pakkumiste edastamine (sh uudiskirjad).<\/span><\/p>\n<p><span style=\"font-weight: 400;\">T\u00f6\u00f6deldavad isikuandmed<\/span><span style=\"font-weight: 400;\"><br \/><\/span><span style=\"font-weight: 400;\">4.1. Isikuandmetena k\u00e4sitletakse k\u00f5iki andmeid tuvastatud v\u00f5i tuvastatava f\u00fc\u00fcsilise isiku kohta. Mehedhakkameelama! poolt t\u00f6\u00f6deldavateks isikuandmeteks on:<\/span><span style=\"font-weight: 400;\"><br \/><\/span><span style=\"font-weight: 400;\">4.1.1. Ees- ja perekonnanimi;<\/span><span style=\"font-weight: 400;\"><br \/><\/span><span style=\"font-weight: 400;\">4.1.2. Telefoninumber;<\/span><span style=\"font-weight: 400;\"><br \/><\/span><span style=\"font-weight: 400;\">4.1.3. E-posti aadress (vastavalt vajadusele);<\/span><span style=\"font-weight: 400;\"><br \/><\/span><span style=\"font-weight: 400;\">4.1.4. Postiaadress;<\/span><\/p>\n<p>&nbsp;<\/p>\n<p><span style=\"font-weight: 400;\">Kliendi \u00f5igused<\/span><span style=\"font-weight: 400;\"><br \/><\/span><span style=\"font-weight: 400;\">5.1. Kliendi \u00f5igused Mehedhakkameelama! suhtes seoses isikuandmetega on:<\/span><span style=\"font-weight: 400;\"><br \/><\/span><span style=\"font-weight: 400;\">5.1.1. Taotleda juurdep\u00e4\u00e4su enda isikuandmetele;<\/span><span style=\"font-weight: 400;\"><br \/><\/span><span style=\"font-weight: 400;\">5.1.2. Taotleda enda isikuandmete parandamist;<\/span><span style=\"font-weight: 400;\"><br \/><\/span><span style=\"font-weight: 400;\">5.1.3. Taotleda enda isikuandmete piiramist;<\/span><span style=\"font-weight: 400;\"><br \/><\/span><span style=\"font-weight: 400;\">5.1.4. Taotleda enda isikuandmete kustutamist;<\/span><span style=\"font-weight: 400;\"><br \/><\/span><span style=\"font-weight: 400;\">5.1.5. Taotleda enda isikuandmete \u00fclekandmist;<\/span><span style=\"font-weight: 400;\"><br \/><\/span><span style=\"font-weight: 400;\">5.1.6. V\u00f5tta tagasi varasemalt antud oma n\u00f5usolek isikuandmete t\u00f6\u00f6tlemiseks, kui see on p\u00f5hjendatud;<\/span><span style=\"font-weight: 400;\"><br \/><\/span><span style=\"font-weight: 400;\">5.1.7. Esitada kaebus andmekaitse j\u00e4relevalve asutusele (Andmekaitse Inspektsioon, <\/span><a href=\"http:\/\/www.aki.ee\"><span style=\"font-weight: 400;\">www.aki.ee<\/span><\/a><span style=\"font-weight: 400;\">, info@aki.ee).<\/span><\/p>\n<p><span style=\"font-weight: 400;\">Isikustamata andmete kogumine (koondandmed) ja kasutamine<\/span><span style=\"font-weight: 400;\"><br \/><\/span><span style=\"font-weight: 400;\">6.1. Mehedhakkameelama! kogub vastavalt vajadusele isikustamata andmeid, mille eesm\u00e4rgiks on parendada Mehedhakkameelama! poolt klientidele kaupade\/teenuste pakkumist.<\/span><\/p>\n<p><span style=\"font-weight: 400;\">Uudiskirjade ja pakkumiste esitamine<\/span><span style=\"font-weight: 400;\"><br \/><\/span><span style=\"font-weight: 400;\">7.1. Mehedhakkameelama! edastab kliendile Mehedhakkameelama! poolt m\u00fc\u00fcdavate toodete ja teenustega seonduvalt uudiskirju, kampaania- ja sooduspakkumisi \u00fcksnes juhul, kui klient on selleks selges\u00f5nalise n\u00f5usoleku andnud (n\u00f5usolekuks loetakse ka kliendi liitumist uudiskirjaga ja aktiivselt linnukese lisamisega n\u00f5usoleku kasti v\u00f5i eraldi kirjalikku sooviavaldust).<\/span><span style=\"font-weight: 400;\"><br \/><\/span><span style=\"font-weight: 400;\">7.2. Kliendil on \u00f5igus nimetatud n\u00f5usolek igal ajal tagasi v\u00f5tta (uudiskirjast loobudes v\u00f5i sellekohase avalduse esitamisega Mehedhakkameelama! -le).<\/span><\/p>\n<p><span style=\"font-weight: 400;\">Turvalisus<\/span><span style=\"font-weight: 400;\"><br \/><\/span><span style=\"font-weight: 400;\">9.1. Mehedhakkameelama! rakendab k\u00f5iki ettevaatusabin\u00f5usid (sh administratiivsed, tehnilised ja f\u00fc\u00fcsilised jm meetmed) kliendi isikuandmete kaitsmiseks. Juurdep\u00e4\u00e4s andmete muutmiseks ja t\u00f6\u00f6tlemiseks on ainult selleks volitatud isikutel.<\/span><span style=\"font-weight: 400;\"><br \/><\/span><span style=\"font-weight: 400;\">9.2. Mehedhakkameelama! kinnitab, et ei edasta klientide isikuandmeid kolmandatele isikutele ilma kliendi eelneva n\u00f5usolekuta, v.a kui andmete esitamise kohustus tuleneb kliendile m\u00fc\u00fcgitehingu t\u00e4itmise vajadusest (nt aadressi kullerile esitamine) v\u00f5i \u00f5igusaktides s\u00e4testatust.<\/span><\/p>\n<p><span style=\"font-weight: 400;\">Privaatsuspoliitika tingimuste muudatused<\/span><span style=\"font-weight: 400;\"><br \/><\/span><span style=\"font-weight: 400;\">10.1. Mehedhakkameelama! j\u00e4tab endale \u00f5iguse muuta privaatsuspoliitikat, avaldades muudatused Mehedhakkameelama.ee veebilehel.<\/span><span style=\"font-weight: 400;\"><br \/><\/span><span style=\"font-weight: 400;\">10.2. Mehedhakkameelama! kinnitab, et kui muudatus peaks m\u00f5jutama kliendi \u00f5igusi, siis Mehedhakkameelama! informeerib antud muudatusest klienti ning kliendil on \u00f5igus otsustada, kas annab muudatustele n\u00f5usoleku v\u00f5i loobub teenuse kasutamisest.<\/span><\/p>\n<p><span style=\"font-weight: 400;\">Isikuandmete t\u00f6\u00f6tlemisega seonduvad kontaktandmed<\/span><span style=\"font-weight: 400;\"><br \/><\/span><span style=\"font-weight: 400;\">11.1. Privaatsuspoliitika v\u00f5i andmet\u00f6\u00f6tluse kohta tekkivate k\u00fcsimuste korral palume kontakteeruda: mehedhakkameelama@gmail.com\u00a0<\/span><\/p>\n<p><span style=\"font-weight: 400;\">11.2. Isikuandmete t\u00f6\u00f6tlemise teemaga seoses soovitame tutvuda ka Andmekaitse\u00a0<\/span><\/p>\n<p><span style=\"font-weight: 400;\">Inspektsiooni kodulehega (<\/span><a href=\"http:\/\/www.aki.ee\"><span style=\"font-weight: 400;\">www.aki.ee<\/span><\/a><span style=\"font-weight: 400;\">).<\/span><\/p>\n<p>&nbsp;<\/p>\n<p><span style=\"font-weight: 400;\">Tagastamine<\/span><\/p>\n<p>&nbsp;<\/p>\n<p><span style=\"font-weight: 400;\">K\u00f5ikidele Mehedhakkameelama! e-poest ostetud toodetele kehtib tagastus\u00f5igus 14 p\u00e4eva. Tellijal on V\u00d5S \u00a7 56 lg 1 alusel \u00f5igus tagastada v\u00f5i v\u00e4lja vahetada kaup muu toote vastu p\u00f5hjust avaldamata 14 p\u00e4eva jooksul alates kauba \u00fcleandmisest. Tellija t\u00e4idab vabas vormis tagastusavalduse vormi, kus on kirjas ostja nimi, tellimuse number, ostukuup\u00e4ev, arvelduskonto number ning saadab selle e-posti aadressil mehedhakkameelama@gmail.com ning tagastab seej\u00e4rel Mehedhakkameelama! e-poele tellitud kauba. Vastavalt V\u00d5S \u00a7 56 lg 25 t\u00f5endab lepingust taganemist tarbija.<\/span><\/p>\n<p><span style=\"font-weight: 400;\">Tagastatav kaup (s.h tarvikud) ei tohi olla kasutatud v\u00f5i kahjustatud ning peab olema terves originaalpakendis. Taganemis\u00f5iguse kasutamiseks ja tagastamise korral h\u00fcvitise maksmise v\u00e4ltimiseks tuleb tootepakend avada ettevaatlikult seda kahjustamata. Tagastatav toode peab olema komplektne (sisaldama k\u00f5iki tootepakendis sisaldunud esemeid \u2013 ). Kui toode on ostetud kampaania korras, kus kaubale on lisatud veel m\u00f5ni toode, tuleb Tellijal tagastada kogu komplekt (ehk siis k\u00f5ik tooted).<\/span><\/p>\n<p><span style=\"font-weight: 400;\">Tellijal tuleb kanda lepingu esemena \u00fcleantud kauba tagastamisega seotud otsesed kulud, kui pooled ei ole kokku leppinud teisiti.<\/span><\/p>\n<p><span style=\"font-weight: 400;\">Kui tagastatav toode (ja toote pakend) on halvenenud ja halvenemine on p\u00f5hjustatud asjaoludest, mis ei ole tingitud Mehedhakkameelama!; ning toote mittesihip\u00e4rase kasutamise tulemusena, on Mehedhakkameelama! \u00f5igus tasaarvestada toote v\u00e4\u00e4rtuse v\u00e4henemine Tellija poolt toote eest tasutud ning tagastamisele kuuluva summaga. Tasaarvestamiseks saadab Mehedhakkameelama! tasaarvestamise avalduse Tellija poolt tellimuse vormistamisel teatatud e-posti aadressile. Juhul, kui Tellija ei ole n\u00f5us tasaarvestamise teates n\u00e4idatud v\u00e4\u00e4rtuse v\u00e4henemisega, on selleks \u00f5igus kaasata toote v\u00e4\u00e4rtuse v\u00e4henemise kindlakstegemiseks s\u00f5ltumatu ekspert. Ekspertiisiga seotud kulud jagatakse pooleks Tellija ja Mehedhakkameelama! vahel, v.a juhul, kui \u00fche poole seisukoht osutub ilmselt p\u00f5hjendamatuks. Sellisel juhul kannab ekspertiisiga seotud kulud pool, kelle seisukoht osutus ilmselt p\u00f5hjendamatuks.<\/span><\/p>\n<p><span style=\"font-weight: 400;\">14-p\u00e4evase taganemis\u00f5iguse juhul tagastatakse raha kauba eest viivitamata, kuid mitte hiljem kui 14 p\u00e4eva m\u00f6\u00f6dumisel arvates taganemisavalduse saamisest, samale arvelduskontole mida m\u00e4rgitakse tagastamisvormis.\u00a0<\/span><\/p>\n<p><span style=\"font-weight: 400;\">Kui tagastatud toode on praak, saadetakse toode ekspertiisi, kus tootele teostatakse garantiiremont, vahetatakse toode uue toote vastu v\u00f5i tagastatakse toote maksumus.\u00a0<\/span><\/p>\n<p>&nbsp;<\/p>\n<p><span style=\"font-weight: 400;\">Taganemis\u00f5igus ei kohaldu, kui ostjaks on juriidiline isik.<\/span><\/p>\n<p>&nbsp;<\/p>\n<p>&nbsp;<\/p>\n<p><\/p>[\/et_pb_text][et_pb_button button_url=&#8221;https:\/\/www.mehedhakkameelama.ee\/epood\/tagastamine\/&#8221; button_text=&#8221;Toote tagastamine&#8221; _builder_version=&#8221;4.27.2&#8243; _module_preset=&#8221;default&#8221; global_colors_info=&#8221;{}&#8221;][\/et_pb_button][\/et_pb_column][\/et_pb_row][\/et_pb_section]","protected":false},"excerpt":{"rendered":"<p>PRIVAATSUSPOLIITIKA TINGIMUSED Privaatsuspoliitika eesm\u00e4rk1.1. K\u00e4esoleva privaatsuspoliitika tingimuste eesm\u00e4rk on kaitsta klientide privaatsust koosk\u00f5las Eesti Vabariigi seaduste ning Euroopa Liidu \u00f5igusaktidega.1.2. Privaatsuspoliitika tingimused kehtivad Mehedhakkameelama! kuuluva konkreetse e-poe ja kliendi vahelise suhte kohta. Samuti Mehedhakkameelama! kodulehe (www.mehedhakkameelama.ee) kohta.\u00a0 1.3. Mehedhakkameelama! kinnitab, et l\u00e4htub kliendi isikuandmete t\u00f6\u00f6tlemisel seaduslikkuse, \u00f5igluse ja l\u00e4bipaistvuse; eesm\u00e4rgi piirangu ja minimaalsuse; usaldusv\u00e4\u00e4rsuse ja [&hellip;]<\/p>\n","protected":false},"author":1,"featured_media":0,"parent":0,"menu_order":0,"comment_status":"closed","ping_status":"closed","template":"","meta":{"_et_pb_use_builder":"on","_et_pb_old_content":"<!-- wp:heading -->\r\n<h2 class=\"wp-block-heading\">Kes me oleme<\/h2>\r\n<!-- \/wp:heading --><!-- wp:paragraph -->\r\n<p><strong class=\"privacy-policy-tutorial\">Soovitatav tekst: <\/strong>Meie veebisaidi aadress on https:\/\/mehedhakkameelama.ee\/epood.<\/p>\r\n<!-- \/wp:paragraph --><!-- wp:heading -->\r\n<h2 class=\"wp-block-heading\">Kommentaarid<\/h2>\r\n<!-- \/wp:heading --><!-- wp:paragraph -->\r\n<p><strong class=\"privacy-policy-tutorial\">Soovitatav tekst: <\/strong>Kui k\u00fclastajad j\u00e4tavad saidile kommentaare, salvestame kommentaarivormi andmed ning ka k\u00fclastaja IP-aadressi ja veebilehitseja tunnuse, et paremini tuvastada r\u00e4mpsu.<\/p>\r\n<!-- \/wp:paragraph --><!-- wp:paragraph -->\r\n<p>Sinu e-postiaadressi p\u00f5hjal loodud anon\u00fc\u00fcmne tekstijada (r\u00e4si), mida v\u00f5idakse edastada Gravatari teenusele, et kontrollida selle kasutamist. Gravatari andmekaitsetingimused leiad siit: https:\/\/automattic.com\/privacy\/. Peale kommentaari heakskiitmist on sinu profiilipilt kommentaari juures avalikult n\u00e4htav.<\/p>\r\n<!-- \/wp:paragraph --><!-- wp:heading -->\r\n<h2 class=\"wp-block-heading\">Meedia<\/h2>\r\n<!-- \/wp:heading --><!-- wp:paragraph -->\r\n<p><strong class=\"privacy-policy-tutorial\">Soovitatav tekst: <\/strong>Kui laadid veebilehele \u00fcles pilte, v\u00e4ldi asukohainfo (EXIF GPS) salvestamist piltidesse. Veebilehe k\u00fclastajad v\u00f5ivad pildid alla laadida ja saada nii k\u00e4tte kogu neis sisalduva asukohainfo.<\/p>\r\n<!-- \/wp:paragraph --><!-- wp:heading -->\r\n<h2 class=\"wp-block-heading\">K\u00fcpsised<\/h2>\r\n<!-- \/wp:heading --><!-- wp:paragraph -->\r\n<p><strong class=\"privacy-policy-tutorial\">Soovitatav tekst: <\/strong>Kui lisad saidile kommentaari, v\u00f5id valida enda nime, e-postiaadressi ja veebilehe info salvestamise k\u00fcpsistena. Need on m\u00f5eldud mugavusvalikuna, kunas p\u00e4\u00e4sed j\u00e4rgmise kommentaari juures selle info uuesti sisestamisest. Need k\u00fcpsised s\u00e4ilivad \u00fche aasta.<\/p>\r\n<!-- \/wp:paragraph --><!-- wp:paragraph -->\r\n<p>Sisselogimislehe k\u00fclastamisel seame paika ajutise k\u00fcpsise, mis tuvastab, kas su veebilehitseja lubab k\u00fcpsiseid v\u00f5i ei. See k\u00fcpsis ei sisalda isikuandmeid ning v\u00f5etakse veebilehitseja sulgemisel maha.<\/p>\r\n<!-- \/wp:paragraph --><!-- wp:paragraph -->\r\n<p>Kui logid sisse, kasutame mitut k\u00fcpsist sisselogimisinfo ja ekraanivalikute salvestamiseks. Sisselogimisk\u00fcpsised s\u00e4ilivad kaks p\u00e4eva, ekraanivalikute omad \u00fche aasta. Kui valid \"M\u00e4leta mind\", j\u00e4etakse sisselogimine meelde kaheks n\u00e4dalaks. Kontolt v\u00e4lja logides sisselogimisk\u00fcpsised eemaldatakse.<\/p>\r\n<!-- \/wp:paragraph --><!-- wp:paragraph -->\r\n<p>Artikli muutmisel v\u00f5i avaldamisel salvestatakse sinu veebilehitsejasse uus k\u00fcpsis. See ei sisalda isikuandmeid ning n\u00e4itab vaid muudetud postituse tunnust. See aegub 1 p\u00e4eva p\u00e4rast.<\/p>\r\n<!-- \/wp:paragraph --><!-- wp:heading -->\r\n<h2 class=\"wp-block-heading\">Lisatud sisu muudelt veebisaitidelt<\/h2>\r\n<!-- \/wp:heading --><!-- wp:paragraph -->\r\n<p><strong class=\"privacy-policy-tutorial\">Soovitatav tekst: <\/strong>Selle veebisaidi artiklites v\u00f5ib olla lisatud sisu muudest allikatest (videod, pildid, artiklid jne). Need k\u00e4ituvad samamoodi nagu nende algse p\u00e4ritolulehe k\u00fclastamisel.<\/p>\r\n<!-- \/wp:paragraph --><!-- wp:paragraph -->\r\n<p>See veebileht v\u00f5ib koguda sinu kohta infot, kasutada k\u00fcpsiseid, lisada kolmanda osapoole j\u00e4lgimismehhanisme ja neid sinu tegevuse j\u00e4lgimiseks kasutada, kui oled sinna kasutajakonto loonud ja sisse loginud.<\/p>\r\n<!-- \/wp:paragraph --><!-- wp:heading -->\r\n<h2 class=\"wp-block-heading\">Kellega me andmeid jagame<\/h2>\r\n<!-- \/wp:heading --><!-- wp:paragraph -->\r\n<p><strong class=\"privacy-policy-tutorial\">Soovitatav tekst: <\/strong>Parooli l\u00e4htestamisel lisatakse sinu IP-aadress l\u00e4htestamiskirja.<\/p>\r\n<!-- \/wp:paragraph --><!-- wp:heading -->\r\n<h2 class=\"wp-block-heading\">Kui kaua me andmeid s\u00e4ilitame<\/h2>\r\n<!-- \/wp:heading --><!-- wp:paragraph -->\r\n<p><strong class=\"privacy-policy-tutorial\">Soovitatav tekst: <\/strong>Kommentaare ja nende metaandmeid s\u00e4ilitatakse t\u00e4htajatult, et v\u00f5imaldada j\u00e4rgnevate kommentaaride automaatset tuvastamist ja heakskiitu ilma neid modereerimisele saatmata.<\/p>\r\n<!-- \/wp:paragraph --><!-- wp:paragraph -->\r\n<p>Veebisaidil registreerunud kasutajate kohta s\u00e4ilitame infot, mida nad enda kasutajaprofiili sisestavad. K\u00f5ik kasutajad saavad enda infot igal ajal n\u00e4ha, muuta ja kustuda (erandiks on kasutajanimi, mida ei saa muuta). Seda infot saavad n\u00e4ha ja muuta ka veebisaidi haldurid.<\/p>\r\n<!-- \/wp:paragraph --><!-- wp:heading -->\r\n<h2 class=\"wp-block-heading\">Millised on \u00f5igused enda andmetele<\/h2>\r\n<!-- \/wp:heading --><!-- wp:paragraph -->\r\n<p><strong class=\"privacy-policy-tutorial\">Soovitatav tekst: <\/strong>Kui sul on sellel veebisaidil kasutajakonto v\u00f5i oled kirjutanud kommentaare, v\u00f5id taotleda faili meie poolt enda kohta k\u00e4ivate isikuandmetega, sh enda poolt sisestatud info. V\u00f5id ka taotleda k\u00f5igi enda kohta k\u00e4ivate andmete kustutamist. See ei puuduta andmeid, mida oleme kohustatud s\u00e4ilitama halduse, seaduste v\u00f5i turvalisuse vajadustest l\u00e4htuvalt.<\/p>\r\n<!-- \/wp:paragraph --><!-- wp:heading -->\r\n<h2 class=\"wp-block-heading\">Kuhu me andmeid saadame<\/h2>\r\n<!-- \/wp:heading --><!-- wp:paragraph -->\r\n<p><strong class=\"privacy-policy-tutorial\">Soovitatav tekst: <\/strong>K\u00fclastajate kommentaare saab kontrollida automaatse r\u00e4mpsufiltri abil.<\/p>\r\n<!-- \/wp:paragraph -->\r\n<p>\u00a0<\/p>","_et_gb_content_width":"","footnotes":""},"class_list":["post-987497103","page","type-page","status-publish","hentry"],"_links":{"self":[{"href":"https:\/\/www.mehedhakkameelama.ee\/epood\/wp-json\/wp\/v2\/pages\/987497103","targetHints":{"allow":["GET"]}}],"collection":[{"href":"https:\/\/www.mehedhakkameelama.ee\/epood\/wp-json\/wp\/v2\/pages"}],"about":[{"href":"https:\/\/www.mehedhakkameelama.ee\/epood\/wp-json\/wp\/v2\/types\/page"}],"author":[{"embeddable":true,"href":"https:\/\/www.mehedhakkameelama.ee\/epood\/wp-json\/wp\/v2\/users\/1"}],"replies":[{"embeddable":true,"href":"https:\/\/www.mehedhakkameelama.ee\/epood\/wp-json\/wp\/v2\/comments?post=987497103"}],"version-history":[{"count":5,"href":"https:\/\/www.mehedhakkameelama.ee\/epood\/wp-json\/wp\/v2\/pages\/987497103\/revisions"}],"predecessor-version":[{"id":987497344,"href":"https:\/\/www.mehedhakkameelama.ee\/epood\/wp-json\/wp\/v2\/pages\/987497103\/revisions\/987497344"}],"wp:attachment":[{"href":"https:\/\/www.mehedhakkameelama.ee\/epood\/wp-json\/wp\/v2\/media?parent=987497103"}],"curies":[{"name":"wp","href":"https:\/\/api.w.org\/{rel}","templated":true}]}}