{"id":987497163,"date":"2024-12-02T12:52:54","date_gmt":"2024-12-02T12:52:54","guid":{"rendered":"https:\/\/www.mehedhakkameelama.ee\/epood\/?page_id=987497163"},"modified":"2024-12-16T13:35:07","modified_gmt":"2024-12-16T13:35:07","slug":"taganemisvorm","status":"publish","type":"page","link":"https:\/\/www.mehedhakkameelama.ee\/epood\/taganemisvorm\/","title":{"rendered":"Taganemisvorm"},"content":{"rendered":"<p>[et_pb_section fb_built=&#8221;1&#8243; custom_padding_last_edited=&#8221;on|desktop&#8221; admin_label=&#8221;Header&#8221; _builder_version=&#8221;4.16&#8243; _module_preset=&#8221;default&#8221; z_index=&#8221;6&#8243; custom_padding=&#8221;0px||150px||false|false&#8221; custom_padding_tablet=&#8221;||150px||false|false&#8221; custom_padding_phone=&#8221;||150px||false|false&#8221; animation_style=&#8221;fade&#8221; custom_css_main_element=&#8221;overflow: visible;&#8221; locked=&#8221;off&#8221; collapsed=&#8221;off&#8221; global_colors_info=&#8221;{%22gcid-eb27e64e-4daa-4061-a3fc-159bec9495db%22:%91%22colorEnd%22%93,%22gcid-48d1783a-8896-4095-8830-b21afa8ed91d%22:%91%22colorStart%22%93}&#8221;][et_pb_row column_structure=&#8221;3_5,2_5&#8243; use_custom_gutter=&#8221;on&#8221; gutter_width=&#8221;1&#8243; custom_padding_last_edited=&#8221;on|tablet&#8221; _builder_version=&#8221;4.17.4&#8243; _module_preset=&#8221;default&#8221; background_enable_color=&#8221;off&#8221; z_index=&#8221;5&#8243; width=&#8221;100%&#8221; max_width=&#8221;100%&#8221; custom_padding=&#8221;0px||0px||true|false&#8221; custom_padding_tablet=&#8221;|5%||5%|true|true&#8221; custom_padding_phone=&#8221;|5%||5%|true|true&#8221; custom_css_main_element=&#8221;align-items: center;&#8221; global_colors_info=&#8221;{%22gcid-48d1783a-8896-4095-8830-b21afa8ed91d%22:%91%22background_color%22%93}&#8221;][et_pb_column type=&#8221;3_5&#8243; _builder_version=&#8221;4.16&#8243; _module_preset=&#8221;default&#8221; background_color=&#8221;gcid-48d1783a-8896-4095-8830-b21afa8ed91d&#8221; custom_padding=&#8221;5vw|8%|5vw|8%|true|true&#8221; custom_padding_tablet=&#8221;10vw||10vw||true|true&#8221; custom_padding_phone=&#8221;10vw||10vw||true|true&#8221; custom_padding_last_edited=&#8221;on|tablet&#8221; custom_css_before=&#8221;content: &#8221;;||background: var(&#8211;bb-sloane-light);||height: 100%;||width: 20px;||position: absolute;||left: 100%;||top: 0;||border-bottom-right-radius: 20px;&#8221; custom_css_main_element=&#8221;overflow: visible;&#8221; border_radii=&#8221;off||||20px&#8221; border_radii_tablet=&#8221;off||||0px&#8221; border_radii_phone=&#8221;off||||0px&#8221; border_radii_last_edited=&#8221;on|tablet&#8221; global_colors_info=&#8221;{%22gcid-48d1783a-8896-4095-8830-b21afa8ed91d%22:%91%22background_color%22%93}&#8221;][et_pb_text _builder_version=&#8221;4.27.4&#8243; _module_preset=&#8221;default&#8221; hover_enabled=&#8221;0&#8243; global_colors_info=&#8221;{}&#8221; sticky_enabled=&#8221;0&#8243;]<\/p>\n<p>Whatever Works O\u00dc<br \/>Reg nr: 14062588<br \/>+372 53429397<br \/>Kadaka tee 90-20,\u00a0 12620 Tallinn<br \/>mehedhakkameelama@gmail.com<\/p>\n<p>[\/et_pb_text][et_pb_text admin_label=&#8221;Text&#8221; _builder_version=&#8221;4.25.0&#8243; _module_preset=&#8221;8c6d2a88-55ab-474a-893b-a72516b0ed38&#8243; custom_margin=&#8221;||40px||false|false&#8221; global_colors_info=&#8221;{}&#8221;][\/et_pb_text][et_pb_social_media_follow _builder_version=&#8221;4.25.0&#8243; _module_preset=&#8221;81232158-918b-4f19-84b8-e071f90eac17&#8243; global_colors_info=&#8221;{%22gcid-46a17277-c3a0-4f5f-acff-35c9190fd307%22:%91%22icon_color%22,%22icon_color%22,%22icon_color%22,%22icon_color%22%93,%22gcid-48d1783a-8896-4095-8830-b21afa8ed91d%22:%91%22icon_color%22%93,%22gcid-eb27e64e-4daa-4061-a3fc-159bec9495db%22:%91%22icon_color__hover%22%93}&#8221;][et_pb_social_media_follow_network social_network=&#8221;facebook&#8221; url=&#8221;https:\/\/www.facebook.com\/mehedhakkameelama&#8221; _builder_version=&#8221;4.25.0&#8243; _module_preset=&#8221;default&#8221; background_color=&#8221;#3b5998&#8243; global_colors_info=&#8221;{}&#8221; follow_button=&#8221;off&#8221; url_new_window=&#8221;on&#8221;]facebook[\/et_pb_social_media_follow_network][et_pb_social_media_follow_network social_network=&#8221;instagram&#8221; url=&#8221;https:\/\/www.instagram.com\/mehed.hakkameelama\/&#8221; _builder_version=&#8221;4.25.0&#8243; _module_preset=&#8221;default&#8221; background_color=&#8221;#ea2c59&#8243; global_colors_info=&#8221;{}&#8221; follow_button=&#8221;off&#8221; url_new_window=&#8221;on&#8221;]instagram[\/et_pb_social_media_follow_network][et_pb_social_media_follow_network social_network=&#8221;spotify&#8221; url=&#8221;https:\/\/open.spotify.com\/show\/28GK4eaExZobhnwANMqDsN?si=4ddd080ab0a74c59&#8243; _builder_version=&#8221;4.25.0&#8243; _module_preset=&#8221;default&#8221; background_color=&#8221;#1db954&#8243; global_colors_info=&#8221;{}&#8221; follow_button=&#8221;off&#8221; url_new_window=&#8221;on&#8221;]spotify[\/et_pb_social_media_follow_network][\/et_pb_social_media_follow][\/et_pb_column][et_pb_column type=&#8221;2_5&#8243; _builder_version=&#8221;4.16&#8243; _module_preset=&#8221;default&#8221; background_color=&#8221;gcid-eb27e64e-4daa-4061-a3fc-159bec9495db&#8221; custom_padding=&#8221;5vw|5vw|5vw|5vw|true|true&#8221; custom_padding_tablet=&#8221;5vw||100px||false|true&#8221; custom_padding_phone=&#8221;5vw||100px||false|true&#8221; custom_padding_last_edited=&#8221;on|tablet&#8221; border_radii=&#8221;off||||20px&#8221; global_colors_info=&#8221;{%22gcid-eb27e64e-4daa-4061-a3fc-159bec9495db%22:%91%22background_color%22%93}&#8221;][et_pb_contact_form email=&#8221;mehedhakkameelama@gmail.com, info@octamedia.ee&#8221; title=&#8221;tagastusvorm&#8221; custom_message=&#8221;TAGANEMISVORM||et_pb_line_break_holder||||et_pb_line_break_holder||Nimi: %%Name%%||et_pb_line_break_holder||Arve number: %%Invoice%%||et_pb_line_break_holder||Tagastatav ese: %%Product%%||et_pb_line_break_holder||Email: %%Email%%||et_pb_line_break_holder||Arvelduskonto: %%Account_ID%%||et_pb_line_break_holder||Tagastamise p\u00f5hjus: %%Message%%&#8221; success_message=&#8221;Ait\u00e4h! Oleme teie kirja k\u00e4tte saanud!&#8221; submit_button_text=&#8221;Saada&#8221; module_class=&#8221;bb-sloane-contact-form&#8221; _builder_version=&#8221;4.27.4&#8243; _module_preset=&#8221;default&#8221; _unique_id=&#8221;31ae283d-37ac-41ad-823d-56317d93bd8f&#8221; form_field_text_color=&#8221;#000000&#8243; form_field_focus_background_color=&#8221;gcid-48d1783a-8896-4095-8830-b21afa8ed91d&#8221; form_field_focus_text_color=&#8221;#8300E9&#8243; title_level=&#8221;h2&#8243; title_font=&#8221;Bebas Neue||||||||&#8221; title_text_color=&#8221;#FFFFFF&#8221; captcha_text_color=&#8221;#FFFFFF&#8221; custom_button=&#8221;on&#8221; button_text_size=&#8221;22px&#8221; button_text_color=&#8221;gcid-eb27e64e-4daa-4061-a3fc-159bec9495db&#8221; button_bg_color=&#8221;gcid-46a17277-c3a0-4f5f-acff-35c9190fd307&#8243; button_border_width=&#8221;0px&#8221; button_border_radius=&#8221;0px&#8221; button_letter_spacing=&#8221;3px&#8221; button_font=&#8221;Bebas Neue||||||||&#8221; button_use_icon=&#8221;off&#8221; button_custom_padding=&#8221;0.5em|1.8em|0.5em|2em|true|false&#8221; hover_enabled=&#8221;0&#8243; custom_css_free_form=&#8221;.et-pb-contact-message {||    color: #ffffff; \/* White color *\/||}||&#8221; custom_css_text_field=&#8221;margin-bottom: 4.5%;&#8221; border_width_all=&#8221;1px&#8221; border_color_all=&#8221;gcid-528cc8e7-602c-4515-b332-1f41aea2329e&#8221; global_colors_info=&#8221;{%22gcid-48d1783a-8896-4095-8830-b21afa8ed91d%22:%91%22form_field_background_color%22,%22form_field_focus_background_color%22,%22button_bg_color__hover%22%93,%22gcid-eb27e64e-4daa-4061-a3fc-159bec9495db%22:%91%22button_text_color%22,%22button_text_color__hover%22%93,%22gcid-528cc8e7-602c-4515-b332-1f41aea2329e%22:%91%22border_color_all%22%93,%22gcid-46a17277-c3a0-4f5f-acff-35c9190fd307%22:%91%22button_bg_color%22%93}&#8221; button_bg_color__hover_enabled=&#8221;on|hover&#8221; button_bg_color__hover=&#8221;#fdfdfd&#8221; button_bg_enable_color__hover=&#8221;on&#8221; button_text_color__hover_enabled=&#8221;on|hover&#8221; button_text_color__hover=&#8221;#2f2f2f&#8221; sticky_enabled=&#8221;0&#8243;][et_pb_contact_field field_id=&#8221;Name&#8221; field_title=&#8221;Nimi *&#8221; _builder_version=&#8221;4.27.2&#8243; global_colors_info=&#8221;{}&#8221; button_text_size__hover_enabled=&#8221;off&#8221; button_one_text_size__hover_enabled=&#8221;off&#8221; button_two_text_size__hover_enabled=&#8221;off&#8221; button_text_color__hover_enabled=&#8221;off&#8221; button_one_text_color__hover_enabled=&#8221;off&#8221; button_two_text_color__hover_enabled=&#8221;off&#8221; button_border_width__hover_enabled=&#8221;off&#8221; button_one_border_width__hover_enabled=&#8221;off&#8221; button_two_border_width__hover_enabled=&#8221;off&#8221; button_border_color__hover_enabled=&#8221;off&#8221; button_one_border_color__hover_enabled=&#8221;off&#8221; button_two_border_color__hover_enabled=&#8221;off&#8221; button_border_radius__hover_enabled=&#8221;off&#8221; button_one_border_radius__hover_enabled=&#8221;off&#8221; button_two_border_radius__hover_enabled=&#8221;off&#8221; button_letter_spacing__hover_enabled=&#8221;off&#8221; button_one_letter_spacing__hover_enabled=&#8221;off&#8221; button_two_letter_spacing__hover_enabled=&#8221;off&#8221; button_bg_color__hover_enabled=&#8221;off&#8221; button_one_bg_color__hover_enabled=&#8221;off&#8221; button_two_bg_color__hover_enabled=&#8221;off&#8221;][\/et_pb_contact_field][et_pb_contact_field field_id=&#8221;Email&#8221; field_title=&#8221;Email *&#8221; field_type=&#8221;email&#8221; _builder_version=&#8221;4.27.2&#8243; global_colors_info=&#8221;{}&#8221; button_text_size__hover_enabled=&#8221;off&#8221; button_one_text_size__hover_enabled=&#8221;off&#8221; button_two_text_size__hover_enabled=&#8221;off&#8221; button_text_color__hover_enabled=&#8221;off&#8221; button_one_text_color__hover_enabled=&#8221;off&#8221; button_two_text_color__hover_enabled=&#8221;off&#8221; button_border_width__hover_enabled=&#8221;off&#8221; button_one_border_width__hover_enabled=&#8221;off&#8221; button_two_border_width__hover_enabled=&#8221;off&#8221; button_border_color__hover_enabled=&#8221;off&#8221; button_one_border_color__hover_enabled=&#8221;off&#8221; button_two_border_color__hover_enabled=&#8221;off&#8221; button_border_radius__hover_enabled=&#8221;off&#8221; button_one_border_radius__hover_enabled=&#8221;off&#8221; button_two_border_radius__hover_enabled=&#8221;off&#8221; button_letter_spacing__hover_enabled=&#8221;off&#8221; button_one_letter_spacing__hover_enabled=&#8221;off&#8221; button_two_letter_spacing__hover_enabled=&#8221;off&#8221; button_bg_color__hover_enabled=&#8221;off&#8221; button_one_bg_color__hover_enabled=&#8221;off&#8221; button_two_bg_color__hover_enabled=&#8221;off&#8221;][\/et_pb_contact_field][et_pb_contact_field field_id=&#8221;Invoice&#8221; field_title=&#8221;Arve number *&#8221; fullwidth_field=&#8221;on&#8221; _builder_version=&#8221;4.27.2&#8243; _module_preset=&#8221;default&#8221; global_colors_info=&#8221;{}&#8221;][\/et_pb_contact_field][et_pb_contact_field field_id=&#8221;Product&#8221; field_title=&#8221;Tagastatav ese *&#8221; fullwidth_field=&#8221;on&#8221; _builder_version=&#8221;4.27.2&#8243; _module_preset=&#8221;default&#8221; global_colors_info=&#8221;{}&#8221;][\/et_pb_contact_field][et_pb_contact_field field_id=&#8221;Account_ID&#8221; field_title=&#8221;Arvelduskonto *&#8221; fullwidth_field=&#8221;on&#8221; _builder_version=&#8221;4.27.2&#8243; _module_preset=&#8221;default&#8221; global_colors_info=&#8221;{}&#8221;][\/et_pb_contact_field][et_pb_contact_field field_id=&#8221;Message&#8221; field_title=&#8221;Tagastamise p\u00f5hjus *&#8221; field_type=&#8221;text&#8221; fullwidth_field=&#8221;on&#8221; _builder_version=&#8221;4.27.2&#8243; global_colors_info=&#8221;{}&#8221; button_text_size__hover_enabled=&#8221;off&#8221; button_one_text_size__hover_enabled=&#8221;off&#8221; button_two_text_size__hover_enabled=&#8221;off&#8221; button_text_color__hover_enabled=&#8221;off&#8221; button_one_text_color__hover_enabled=&#8221;off&#8221; button_two_text_color__hover_enabled=&#8221;off&#8221; button_border_width__hover_enabled=&#8221;off&#8221; button_one_border_width__hover_enabled=&#8221;off&#8221; button_two_border_width__hover_enabled=&#8221;off&#8221; button_border_color__hover_enabled=&#8221;off&#8221; button_one_border_color__hover_enabled=&#8221;off&#8221; button_two_border_color__hover_enabled=&#8221;off&#8221; button_border_radius__hover_enabled=&#8221;off&#8221; button_one_border_radius__hover_enabled=&#8221;off&#8221; button_two_border_radius__hover_enabled=&#8221;off&#8221; button_letter_spacing__hover_enabled=&#8221;off&#8221; button_one_letter_spacing__hover_enabled=&#8221;off&#8221; button_two_letter_spacing__hover_enabled=&#8221;off&#8221; button_bg_color__hover_enabled=&#8221;off&#8221; button_one_bg_color__hover_enabled=&#8221;off&#8221; button_two_bg_color__hover_enabled=&#8221;off&#8221;][\/et_pb_contact_field][\/et_pb_contact_form][\/et_pb_column][\/et_pb_row][et_pb_row _builder_version=&#8221;4.16&#8243; _module_preset=&#8221;default&#8221; positioning=&#8221;absolute&#8221; position_origin_a=&#8221;bottom_center&#8221; vertical_offset=&#8221;-150px&#8221; z_index=&#8221;6&#8243; locked=&#8221;off&#8221; global_colors_info=&#8221;{}&#8221;][et_pb_column type=&#8221;4_4&#8243; _builder_version=&#8221;4.16&#8243; _module_preset=&#8221;default&#8221; global_colors_info=&#8221;{}&#8221;][et_pb_divider show_divider=&#8221;off&#8221; admin_label=&#8221;Guide divider&#8221; _builder_version=&#8221;4.17.4&#8243; _module_preset=&#8221;default&#8221; width=&#8221;25%&#8221; height=&#8221;150px&#8221; custom_margin=&#8221;|||25%|false|false&#8221; custom_css_before=&#8221;content: &#8221;;||background: var(&#8211;bb-sloane-highlight);||position: absolute;||height: 10px;||width: 10px;||bottom: 0;||left: -6px;||border-radius: 2px;&#8221; custom_css_main_element=&#8221;overflow: visible;&#8221; border_radii=&#8221;off|20px|||&#8221; border_width_top=&#8221;2px&#8221; border_color_top=&#8221;gcid-46a17277-c3a0-4f5f-acff-35c9190fd307&#8243; border_width_left=&#8221;2px&#8221; border_color_left=&#8221;gcid-46a17277-c3a0-4f5f-acff-35c9190fd307&#8243; global_colors_info=&#8221;{%22gcid-46a17277-c3a0-4f5f-acff-35c9190fd307%22:%91%22border_color_top%22,%22border_color_left%22%93}&#8221;][\/et_pb_divider][\/et_pb_column][\/et_pb_row][et_pb_row _builder_version=&#8221;4.16&#8243; _module_preset=&#8221;default&#8221; positioning=&#8221;absolute&#8221; position_origin_a=&#8221;bottom_center&#8221; z_index=&#8221;7&#8243; locked=&#8221;off&#8221; global_colors_info=&#8221;{}&#8221;][et_pb_column type=&#8221;4_4&#8243; _builder_version=&#8221;4.16&#8243; _module_preset=&#8221;default&#8221; global_colors_info=&#8221;{}&#8221;][et_pb_divider show_divider=&#8221;off&#8221; admin_label=&#8221;Guide divider&#8221; _builder_version=&#8221;4.16&#8243; _module_preset=&#8221;default&#8221; width=&#8221;25%&#8221; height=&#8221;150px&#8221; custom_margin=&#8221;|||50%|false|false&#8221; custom_css_before=&#8221;content: &#8221;;||background: var(&#8211;bb-sloane-highlight);||position: absolute;||height: 10px;||width: 10px;||top: 0;||right: -5.5px;||border-radius: 2px;&#8221; custom_css_main_element=&#8221;overflow: visible;&#8221; border_radii=&#8221;off|||20px|&#8221; border_width_right=&#8221;2px&#8221; border_color_right=&#8221;gcid-46a17277-c3a0-4f5f-acff-35c9190fd307&#8243; border_width_bottom=&#8221;2px&#8221; border_color_bottom=&#8221;gcid-46a17277-c3a0-4f5f-acff-35c9190fd307&#8243; global_colors_info=&#8221;{%22gcid-46a17277-c3a0-4f5f-acff-35c9190fd307%22:%91%22border_color_right%22,%22border_color_bottom%22%93}&#8221;][\/et_pb_divider][\/et_pb_column][\/et_pb_row][\/et_pb_section]<\/p>\n","protected":false},"excerpt":{"rendered":"<p>Whatever Works O\u00dcReg nr: 14062588+372 53429397Kadaka tee 90-20,\u00a0 12620 Tallinnmehedhakkameelama@gmail.com<\/p>\n","protected":false},"author":1,"featured_media":0,"parent":0,"menu_order":0,"comment_status":"closed","ping_status":"closed","template":"","meta":{"_et_pb_use_builder":"on","_et_pb_old_content":"","_et_gb_content_width":"","footnotes":""},"class_list":["post-987497163","page","type-page","status-publish","hentry"],"_links":{"self":[{"href":"https:\/\/www.mehedhakkameelama.ee\/epood\/wp-json\/wp\/v2\/pages\/987497163","targetHints":{"allow":["GET"]}}],"collection":[{"href":"https:\/\/www.mehedhakkameelama.ee\/epood\/wp-json\/wp\/v2\/pages"}],"about":[{"href":"https:\/\/www.mehedhakkameelama.ee\/epood\/wp-json\/wp\/v2\/types\/page"}],"author":[{"embeddable":true,"href":"https:\/\/www.mehedhakkameelama.ee\/epood\/wp-json\/wp\/v2\/users\/1"}],"replies":[{"embeddable":true,"href":"https:\/\/www.mehedhakkameelama.ee\/epood\/wp-json\/wp\/v2\/comments?post=987497163"}],"version-history":[{"count":5,"href":"https:\/\/www.mehedhakkameelama.ee\/epood\/wp-json\/wp\/v2\/pages\/987497163\/revisions"}],"predecessor-version":[{"id":987497352,"href":"https:\/\/www.mehedhakkameelama.ee\/epood\/wp-json\/wp\/v2\/pages\/987497163\/revisions\/987497352"}],"wp:attachment":[{"href":"https:\/\/www.mehedhakkameelama.ee\/epood\/wp-json\/wp\/v2\/media?parent=987497163"}],"curies":[{"name":"wp","href":"https:\/\/api.w.org\/{rel}","templated":true}]}}