{"id":987496913,"date":"2024-11-05T05:10:48","date_gmt":"2024-11-05T05:10:48","guid":{"rendered":"https:\/\/mehedhakkameelama.ee\/epood\/?post_type=product&#038;p=987496913"},"modified":"2024-12-02T19:36:06","modified_gmt":"2024-12-02T19:36:06","slug":"joogipudel","status":"publish","type":"product","link":"https:\/\/www.mehedhakkameelama.ee\/epood\/product\/joogipudel\/","title":{"rendered":"Joogipudel"},"content":{"rendered":"<p>.<\/p>\n","protected":false},"excerpt":{"rendered":"<p>.<\/p>\n","protected":false},"featured_media":987496914,"template":"","meta":{"_et_pb_use_builder":"on","_et_pb_old_content":"<strong>Transport 1-5 t\u00f6\u00f6p\u00e4eva<\/strong>","_et_gb_content_width":""},"product_cat":[18],"product_tag":[],"class_list":{"0":"post-987496913","1":"product","2":"type-product","3":"status-publish","4":"has-post-thumbnail","6":"product_cat-aksessuaarid","7":"product_shipping_class-aksessuaarid","9":"first","10":"instock","11":"taxable","12":"shipping-taxable","13":"purchasable","14":"product-type-variable","15":"has-default-attributes"},"_links":{"self":[{"href":"https:\/\/www.mehedhakkameelama.ee\/epood\/wp-json\/wp\/v2\/product\/987496913","targetHints":{"allow":["GET"]}}],"collection":[{"href":"https:\/\/www.mehedhakkameelama.ee\/epood\/wp-json\/wp\/v2\/product"}],"about":[{"href":"https:\/\/www.mehedhakkameelama.ee\/epood\/wp-json\/wp\/v2\/types\/product"}],"wp:featuredmedia":[{"embeddable":true,"href":"https:\/\/www.mehedhakkameelama.ee\/epood\/wp-json\/wp\/v2\/media\/987496914"}],"wp:attachment":[{"href":"https:\/\/www.mehedhakkameelama.ee\/epood\/wp-json\/wp\/v2\/media?parent=987496913"}],"wp:term":[{"taxonomy":"product_cat","embeddable":true,"href":"https:\/\/www.mehedhakkameelama.ee\/epood\/wp-json\/wp\/v2\/product_cat?post=987496913"},{"taxonomy":"product_tag","embeddable":true,"href":"https:\/\/www.mehedhakkameelama.ee\/epood\/wp-json\/wp\/v2\/product_tag?post=987496913"}],"curies":[{"name":"wp","href":"https:\/\/api.w.org\/{rel}","templated":true}]}}